{"id":2592,"date":"2025-10-30T21:14:05","date_gmt":"2025-10-30T21:14:05","guid":{"rendered":"https:\/\/7temimarlik.com\/?page_id=2592"},"modified":"2025-12-25T15:23:52","modified_gmt":"2025-12-25T15:23:52","slug":"muhammet-eke","status":"publish","type":"page","link":"https:\/\/7temimarlik.com\/?page_id=2592","title":{"rendered":"Muhammet EKE"},"content":{"rendered":"\t\t<div data-elementor-type=\"wp-page\" data-elementor-id=\"2592\" class=\"elementor elementor-2592\">\n\t\t\t\t<div class=\"elementor-element elementor-element-1b9c393 e-con-full e-flex e-con e-parent\" data-id=\"1b9c393\" data-element_type=\"container\" data-e-type=\"container\">\n\t\t\t\t<div class=\"elementor-element elementor-element-50784dd elementor-widget elementor-widget-rr-team-details-contact\" data-id=\"50784dd\" data-element_type=\"widget\" data-e-type=\"widget\" data-widget_type=\"rr-team-details-contact.default\">\n\t\t\t\t<div class=\"elementor-widget-container\">\n\t\t\t\t\t\r\n\r\n<!-- \"team-details  area start -->\r\n<section class=\"team-details section-space rr-el-section\">\r\n    <div class=\"container\">\r\n        <div class=\"row align-items-center\">\r\n            <div class=\"col-lg-5\">\r\n                <div class=\"team-details__media wow clip-a-z\">\r\n                                        <img decoding=\"async\" src=\"https:\/\/7temimarlik.com\/wp-content\/uploads\/2025\/12\/muhammed-eke.webp\"\r\n                        alt=\"\">\r\n                                    <\/div>\r\n            <\/div>\r\n\r\n            <div class=\"col-lg-7\">\r\n                <div class=\"team-details__content\">\r\n                    <h2 class=\"name title-animation rr-el-title\" data-wow-duration=\".9s\"\r\n                        data-wow-delay=\".5s\" >Muhammet EKE<\/h2>                                        <span class=\"designation rr-el-sub-title\">\u0130n\u015faat M\u00fchendisi <\/span>\r\n                                                            <p class=\"rr-el-desc\">Bal\u0131kesir \u00dcniversitesi M\u00fchendislik Fak\u00fcltesi <br>\u0130n\u015faat M\u00fchendisli\u011fi b\u00f6l\u00fcm\u00fcnden mezun.<br> Sekt\u00f6rde \u00e7e\u015fitli pozisyonlarda \u00e7al\u0131\u015ft\u0131ktan sonra 2024 y\u0131l\u0131ndan itibaren<br> 7TE M\u0130MARLIK VE PROJE TASARIM MERKEZ\u0130 b\u00fcnyesinde \u0130n\u015faat M\u00fchendisi olarak hizmet\u00a0vermektedir.<\/p>\r\n                                        <div class=\"team-details__skill__progress mb-50 mb-xs-30\">\r\n                        <h6 class=\"mb-20 rr-el-re-Title\">Uzmanl\u0131k Alanlar\u0131<\/h6>\r\n                                                <div class=\"team-details__skill__progress-single\">\r\n                            <h6 class=\"team-details__skill__progress-title rr-el-title-skill\">\r\n                                3bsym Uzmanl\u0131k<\/h6>\r\n                            <div class=\"bar\">\r\n                                <div class=\"count-text rr-el-skill-number\">100%<\/div>\r\n                                <div class=\"bar-inner count-bar counted rr-el-skill-number\"\r\n                                    data-percent=\"100%\">\r\n                                <\/div>\r\n                            <\/div>\r\n                        <\/div>\r\n                                                <div class=\"team-details__skill__progress-single\">\r\n                            <h6 class=\"team-details__skill__progress-title rr-el-title-skill\">\r\n                                \u015eantiye Uygulama S\u00fcre\u00e7leri<\/h6>\r\n                            <div class=\"bar\">\r\n                                <div class=\"count-text rr-el-skill-number\">99%<\/div>\r\n                                <div class=\"bar-inner count-bar counted rr-el-skill-number\"\r\n                                    data-percent=\"99%\">\r\n                                <\/div>\r\n                            <\/div>\r\n                        <\/div>\r\n                                                <div class=\"team-details__skill__progress-single\">\r\n                            <h6 class=\"team-details__skill__progress-title rr-el-title-skill\">\r\n                                Statik Proje Tasar\u0131m\u0131<\/h6>\r\n                            <div class=\"bar\">\r\n                                <div class=\"count-text rr-el-skill-number\">98%<\/div>\r\n                                <div class=\"bar-inner count-bar counted rr-el-skill-number\"\r\n                                    data-percent=\"98%\">\r\n                                <\/div>\r\n                            <\/div>\r\n                        <\/div>\r\n                                            <\/div>\r\n\r\n                    <div class=\"team-details__wrapper\">\r\n                        <a class=\"rr-btn rr-el-btn \" href=\"https:\/\/wp.rrdevs.net\/artima\/contact\/\" target=\"_blank\" rel=\"nofollow\">\r\n                            <span class=\"btn-wrap\">\r\n                                <span class=\"text-one\">Contact Now                                    <svg width=\"12\" height=\"13\" viewBox=\"0 0 12 13\" fill=\"none\"\r\n                                        xmlns=\"http:\/\/www.w3.org\/2000\/svg\">\r\n                                        <path d=\"M1 6.5H11\" stroke=\"white\" stroke-width=\"1.5\" stroke-linecap=\"round\"\r\n                                            stroke-linejoin=\"round\"><\/path>\r\n                                        <path d=\"M6 1.5L11 6.5L6 11.5\" stroke=\"white\" stroke-width=\"1.5\"\r\n                                            stroke-linecap=\"round\" stroke-linejoin=\"round\"><\/path>\r\n                                    <\/svg>\r\n                                <\/span>\r\n                                <span class=\"text-two\">Contact Now                                    <svg width=\"12\" height=\"13\" viewBox=\"0 0 12 13\" fill=\"none\"\r\n                                        xmlns=\"http:\/\/www.w3.org\/2000\/svg\">\r\n                                        <path d=\"M1 6.5H11\" stroke=\"white\" stroke-width=\"1.5\" stroke-linecap=\"round\"\r\n                                            stroke-linejoin=\"round\"><\/path>\r\n                                        <path d=\"M6 1.5L11 6.5L6 11.5\" stroke=\"white\" stroke-width=\"1.5\"\r\n                                            stroke-linecap=\"round\" stroke-linejoin=\"round\"><\/path>\r\n                                    <\/svg>\r\n                                <\/span> \r\n                            <\/span>\r\n                        <\/a>\r\n\r\n                        <div class=\"team-details__social\">\r\n\r\n                            <h6 class=\"rr-el-social-text\">Follow me:<\/h6>\r\n                            <ul>\r\n                                <li>\r\n                                    <a class=\"rr-el-social-icon\" href=\"\"><i\r\n                                            class=\"fa-brands fa-facebook-f\"><\/i><\/a>\r\n                                <\/li>\r\n                                <li>\r\n                                    <a class=\"rr-el-social-icon\" href=\"\"><i\r\n                                            class=\"fa-brands fa-twitter\"><\/i><\/a>\r\n                                <\/li>\r\n                                <li>\r\n                                    <a class=\"rr-el-social-icon\" href=\"\"><i\r\n                                            class=\"fa-brands fa-instagram\"><\/i><\/a>\r\n                                <\/li>\r\n                                <li>\r\n                                    <a class=\"rr-el-social-icon\" href=\"\"><i\r\n                                            class=\"fa-brands fa-linkedin-in\"><\/i><\/a>\r\n                                <\/li>\r\n                            <\/ul>\r\n                        <\/div>\r\n                    <\/div>\r\n                <\/div>\r\n            <\/div>\r\n        <\/div>\r\n    <\/div>\r\n<\/section>\r\n<!-- \"team-details  area end -->\r\n\r\n\t\t\t\t<\/div>\n\t\t\t\t<\/div>\n\t\t\t\t<\/div>\n\t\t\t\t<\/div>\n\t\t","protected":false},"excerpt":{"rendered":"<p>Muhammet EKE \u0130n\u015faat M\u00fchendisi Bal\u0131kesir \u00dcniversitesi M\u00fchendislik Fak\u00fcltesi \u0130n\u015faat M\u00fchendisli\u011fi b\u00f6l\u00fcm\u00fcnden mezun. Sekt\u00f6rde \u00e7e\u015fitli pozisyonlarda \u00e7al\u0131\u015ft\u0131ktan sonra 2024 y\u0131l\u0131ndan itibaren 7TE M\u0130MARLIK VE PROJE TASARIM MERKEZ\u0130 b\u00fcnyesinde \u0130n\u015faat M\u00fchendisi olarak hizmet\u00a0vermektedir. Uzmanl\u0131k Alanlar\u0131 3bsym Uzmanl\u0131k 100% \u015eantiye Uygulama S\u00fcre\u00e7leri 99% Statik Proje Tasar\u0131m\u0131 98% Contact Now Contact Now Follow me:<\/p>\n","protected":false},"author":2,"featured_media":0,"parent":0,"menu_order":0,"comment_status":"closed","ping_status":"closed","template":"elementor_header_footer","meta":{"footnotes":""},"class_list":["post-2592","page","type-page","status-publish","hentry"],"_links":{"self":[{"href":"https:\/\/7temimarlik.com\/index.php?rest_route=\/wp\/v2\/pages\/2592","targetHints":{"allow":["GET"]}}],"collection":[{"href":"https:\/\/7temimarlik.com\/index.php?rest_route=\/wp\/v2\/pages"}],"about":[{"href":"https:\/\/7temimarlik.com\/index.php?rest_route=\/wp\/v2\/types\/page"}],"author":[{"embeddable":true,"href":"https:\/\/7temimarlik.com\/index.php?rest_route=\/wp\/v2\/users\/2"}],"replies":[{"embeddable":true,"href":"https:\/\/7temimarlik.com\/index.php?rest_route=%2Fwp%2Fv2%2Fcomments&post=2592"}],"version-history":[{"count":3,"href":"https:\/\/7temimarlik.com\/index.php?rest_route=\/wp\/v2\/pages\/2592\/revisions"}],"predecessor-version":[{"id":4147,"href":"https:\/\/7temimarlik.com\/index.php?rest_route=\/wp\/v2\/pages\/2592\/revisions\/4147"}],"wp:attachment":[{"href":"https:\/\/7temimarlik.com\/index.php?rest_route=%2Fwp%2Fv2%2Fmedia&parent=2592"}],"curies":[{"name":"wp","href":"https:\/\/api.w.org\/{rel}","templated":true}]}}