{"id":3670,"date":"2025-12-08T21:28:43","date_gmt":"2025-12-08T21:28:43","guid":{"rendered":"https:\/\/7temimarlik.com\/?page_id=3670"},"modified":"2025-12-08T21:52:02","modified_gmt":"2025-12-08T21:52:02","slug":"villa","status":"publish","type":"page","link":"https:\/\/7temimarlik.com\/?page_id=3670","title":{"rendered":"Villa"},"content":{"rendered":"\t\t<div data-elementor-type=\"wp-page\" data-elementor-id=\"3670\" class=\"elementor elementor-3670\">\n\t\t\t\t<div class=\"elementor-element elementor-element-b312d0a e-con-full e-flex e-con e-parent\" data-id=\"b312d0a\" data-element_type=\"container\" data-e-type=\"container\">\n\t\t\t\t<div class=\"elementor-element elementor-element-30721e8 elementor-widget elementor-widget-heading\" data-id=\"30721e8\" data-element_type=\"widget\" data-e-type=\"widget\" data-widget_type=\"heading.default\">\n\t\t\t\t\t<h2 class=\"elementor-heading-title elementor-size-default\">7TE Mimarl\u0131k \u0130n\u015faat Tahh\u00fct Villa Projeleri<\/h2>\t\t\t\t<\/div>\n\t\t\t\t<div class=\"elementor-element elementor-element-4d0f93e elementor-widget elementor-widget-BlogPost_Tiles\" data-id=\"4d0f93e\" data-element_type=\"widget\" data-e-type=\"widget\" data-widget_type=\"BlogPost_Tiles.default\">\n\t\t\t\t<div class=\"elementor-widget-container\">\n\t\t\t\t\t<div class=\"bptls-main-wrapper bptls-style-seventeen\"><article class=\"bptls-img-wrapper\"><div class=\"bptls-content-wrapper\"><div class=\"bptls-title\"><a href=\"https:\/\/7temimarlik.com\/?p=3652\"><h2 class=\"bptls-h2-title\">Zeynep Han\u0131m Villa<h2><\/a><\/div><div class=\"bptls-desc\"><p><\/p><\/div><div class=\"bptls-meta\"><div class=\"bptls-author\"><span>7TE Mimarl\u0131k<\/span><\/div><\/div><\/div>    <div class=\"bptls_category\"> <ul class=\"post-categories\">\n\t<li><a href=\"https:\/\/7temimarlik.com\/?cat=70\" rel=\"category\">Villa<\/a><\/li><\/ul><\/div> <a class=\"bptls_thumbnail\" href=\"https:\/\/7temimarlik.com\/?p=3652\"><img fetchpriority=\"high\" decoding=\"async\" width=\"630\" height=\"315\" src=\"https:\/\/7temimarlik.com\/wp-content\/uploads\/2025\/11\/ZEYNEP-HANIM-VILLASI-7TE-MIMARLIK-6.jpg\" class=\"attachment-large size-large wp-post-image\" alt=\"\" srcset=\"https:\/\/7temimarlik.com\/wp-content\/uploads\/2025\/11\/ZEYNEP-HANIM-VILLASI-7TE-MIMARLIK-6.jpg 630w, https:\/\/7temimarlik.com\/wp-content\/uploads\/2025\/11\/ZEYNEP-HANIM-VILLASI-7TE-MIMARLIK-6-300x150.jpg 300w\" sizes=\"(max-width: 630px) 100vw, 630px\" \/><\/a><\/article><article class=\"bptls-img-wrapper\"><div class=\"bptls-content-wrapper\"><div class=\"bptls-title\"><a href=\"https:\/\/7temimarlik.com\/?p=3650\"><h2 class=\"bptls-h2-title\">Mesken Yap\u0131 Villa<h2><\/a><\/div><div class=\"bptls-desc\"><p><\/p><\/div><div class=\"bptls-meta\"><div class=\"bptls-author\"><span>7TE Mimarl\u0131k<\/span><\/div><\/div><\/div>    <div class=\"bptls_category\"> <ul class=\"post-categories\">\n\t<li><a href=\"https:\/\/7temimarlik.com\/?cat=70\" rel=\"category\">Villa<\/a><\/li><\/ul><\/div> <a class=\"bptls_thumbnail\" href=\"https:\/\/7temimarlik.com\/?p=3650\"><img decoding=\"async\" width=\"630\" height=\"354\" src=\"https:\/\/7temimarlik.com\/wp-content\/uploads\/2025\/11\/MESKEN-YAPI-URLA-VILLASI-7TE-MIMARLIK003.jpg\" class=\"attachment-large size-large wp-post-image\" alt=\"\" srcset=\"https:\/\/7temimarlik.com\/wp-content\/uploads\/2025\/11\/MESKEN-YAPI-URLA-VILLASI-7TE-MIMARLIK003.jpg 630w, https:\/\/7temimarlik.com\/wp-content\/uploads\/2025\/11\/MESKEN-YAPI-URLA-VILLASI-7TE-MIMARLIK003-300x169.jpg 300w\" sizes=\"(max-width: 630px) 100vw, 630px\" \/><\/a><\/article><article class=\"bptls-img-wrapper\"><div class=\"bptls-content-wrapper\"><div class=\"bptls-title\"><a href=\"https:\/\/7temimarlik.com\/?p=3649\"><h2 class=\"bptls-h2-title\">Hamdi Bey V\u0130lla<h2><\/a><\/div><div class=\"bptls-desc\"><p><\/p><\/div><div class=\"bptls-meta\"><div class=\"bptls-author\"><span>7TE Mimarl\u0131k<\/span><\/div><\/div><\/div>    <div class=\"bptls_category\"> <ul class=\"post-categories\">\n\t<li><a href=\"https:\/\/7temimarlik.com\/?cat=70\" rel=\"category\">Villa<\/a><\/li><\/ul><\/div> <a class=\"bptls_thumbnail\" href=\"https:\/\/7temimarlik.com\/?p=3649\"><img decoding=\"async\" width=\"630\" height=\"354\" src=\"https:\/\/7temimarlik.com\/wp-content\/uploads\/2025\/11\/HAMDI-BEY-VILLASI-7TE-MIMARLIK001.png\" class=\"attachment-large size-large wp-post-image\" alt=\"\" srcset=\"https:\/\/7temimarlik.com\/wp-content\/uploads\/2025\/11\/HAMDI-BEY-VILLASI-7TE-MIMARLIK001.png 630w, https:\/\/7temimarlik.com\/wp-content\/uploads\/2025\/11\/HAMDI-BEY-VILLASI-7TE-MIMARLIK001-300x169.png 300w\" sizes=\"(max-width: 630px) 100vw, 630px\" \/><\/a><\/article><article class=\"bptls-img-wrapper\"><div class=\"bptls-content-wrapper\"><div class=\"bptls-title\"><a href=\"https:\/\/7temimarlik.com\/?p=3653\"><h2 class=\"bptls-h2-title\">Betes Villalar\u0131<h2><\/a><\/div><div class=\"bptls-desc\"><p><\/p><\/div><div class=\"bptls-meta\"><div class=\"bptls-author\"><span>7TE Mimarl\u0131k<\/span><\/div><\/div><\/div>    <div class=\"bptls_category\"> <ul class=\"post-categories\">\n\t<li><a href=\"https:\/\/7temimarlik.com\/?cat=70\" rel=\"category\">Villa<\/a><\/li><\/ul><\/div> <a class=\"bptls_thumbnail\" href=\"https:\/\/7temimarlik.com\/?p=3653\"><img loading=\"lazy\" decoding=\"async\" width=\"630\" height=\"354\" src=\"https:\/\/7temimarlik.com\/wp-content\/uploads\/2025\/11\/BETES-VILLALARI-7TE-MIMARLIK004.jpeg\" class=\"attachment-large size-large wp-post-image\" alt=\"\" srcset=\"https:\/\/7temimarlik.com\/wp-content\/uploads\/2025\/11\/BETES-VILLALARI-7TE-MIMARLIK004.jpeg 630w, https:\/\/7temimarlik.com\/wp-content\/uploads\/2025\/11\/BETES-VILLALARI-7TE-MIMARLIK004-300x169.jpeg 300w\" sizes=\"(max-width: 630px) 100vw, 630px\" \/><\/a><\/article><article class=\"bptls-img-wrapper\"><div class=\"bptls-content-wrapper\"><div class=\"bptls-title\"><a href=\"https:\/\/7temimarlik.com\/?p=3654\"><h2 class=\"bptls-h2-title\">Fahri Bey Villa<h2><\/a><\/div><div class=\"bptls-desc\"><p><\/p><\/div><div class=\"bptls-meta\"><div class=\"bptls-author\"><span>7TE Mimarl\u0131k<\/span><\/div><\/div><\/div>    <div class=\"bptls_category\"> <ul class=\"post-categories\">\n\t<li><a href=\"https:\/\/7temimarlik.com\/?cat=70\" rel=\"category\">Villa<\/a><\/li><\/ul><\/div> <a class=\"bptls_thumbnail\" href=\"https:\/\/7temimarlik.com\/?p=3654\"><img loading=\"lazy\" decoding=\"async\" width=\"630\" height=\"393\" src=\"https:\/\/7temimarlik.com\/wp-content\/uploads\/2025\/11\/FAHRI-BEY-VILLASI-7TE-MIMARLIK003.png\" class=\"attachment-large size-large wp-post-image\" alt=\"\" srcset=\"https:\/\/7temimarlik.com\/wp-content\/uploads\/2025\/11\/FAHRI-BEY-VILLASI-7TE-MIMARLIK003.png 630w, https:\/\/7temimarlik.com\/wp-content\/uploads\/2025\/11\/FAHRI-BEY-VILLASI-7TE-MIMARLIK003-300x187.png 300w\" sizes=\"(max-width: 630px) 100vw, 630px\" \/><\/a><\/article><article class=\"bptls-img-wrapper\"><div class=\"bptls-content-wrapper\"><div class=\"bptls-title\"><a href=\"https:\/\/7temimarlik.com\/?p=3655\"><h2 class=\"bptls-h2-title\">Fikret Bey Villa<h2><\/a><\/div><div class=\"bptls-desc\"><p><\/p><\/div><div class=\"bptls-meta\"><div class=\"bptls-author\"><span>7TE Mimarl\u0131k<\/span><\/div><\/div><\/div>    <div class=\"bptls_category\"> <ul class=\"post-categories\">\n\t<li><a href=\"https:\/\/7temimarlik.com\/?cat=70\" rel=\"category\">Villa<\/a><\/li><\/ul><\/div> <a class=\"bptls_thumbnail\" href=\"https:\/\/7temimarlik.com\/?p=3655\"><img loading=\"lazy\" decoding=\"async\" width=\"630\" height=\"424\" src=\"https:\/\/7temimarlik.com\/wp-content\/uploads\/2025\/11\/FIKRET-BEY-VILLASI-7TE-MIMARLIK001.jpg\" class=\"attachment-large size-large wp-post-image\" alt=\"\" srcset=\"https:\/\/7temimarlik.com\/wp-content\/uploads\/2025\/11\/FIKRET-BEY-VILLASI-7TE-MIMARLIK001.jpg 630w, https:\/\/7temimarlik.com\/wp-content\/uploads\/2025\/11\/FIKRET-BEY-VILLASI-7TE-MIMARLIK001-300x202.jpg 300w\" sizes=\"(max-width: 630px) 100vw, 630px\" \/><\/a><\/article><article class=\"bptls-img-wrapper\"><div class=\"bptls-content-wrapper\"><div class=\"bptls-title\"><a href=\"https:\/\/7temimarlik.com\/?p=3648\"><h2 class=\"bptls-h2-title\">Kerem Ali Bey Villa<h2><\/a><\/div><div class=\"bptls-desc\"><p><\/p><\/div><div class=\"bptls-meta\"><div class=\"bptls-author\"><span>7TE Mimarl\u0131k<\/span><\/div><\/div><\/div>    <div class=\"bptls_category\"> <ul class=\"post-categories\">\n\t<li><a href=\"https:\/\/7temimarlik.com\/?cat=70\" rel=\"category\">Villa<\/a><\/li><\/ul><\/div> <a class=\"bptls_thumbnail\" href=\"https:\/\/7temimarlik.com\/?p=3648\"><img loading=\"lazy\" decoding=\"async\" width=\"630\" height=\"423\" src=\"https:\/\/7temimarlik.com\/wp-content\/uploads\/2025\/11\/KEREM-ALI-BEY-VILLASI-7TE-MIMARLIK001.png\" class=\"attachment-large size-large wp-post-image\" alt=\"\" srcset=\"https:\/\/7temimarlik.com\/wp-content\/uploads\/2025\/11\/KEREM-ALI-BEY-VILLASI-7TE-MIMARLIK001.png 630w, https:\/\/7temimarlik.com\/wp-content\/uploads\/2025\/11\/KEREM-ALI-BEY-VILLASI-7TE-MIMARLIK001-300x201.png 300w\" sizes=\"(max-width: 630px) 100vw, 630px\" \/><\/a><\/article><article class=\"bptls-img-wrapper\"><div class=\"bptls-content-wrapper\"><div class=\"bptls-title\"><a href=\"https:\/\/7temimarlik.com\/?p=3634\"><h2 class=\"bptls-h2-title\">Sedat Bey Villa<h2><\/a><\/div><div class=\"bptls-desc\"><p><\/p><\/div><div class=\"bptls-meta\"><div class=\"bptls-author\"><span>7TE Mimarl\u0131k<\/span><\/div><\/div><\/div>    <div class=\"bptls_category\"> <ul class=\"post-categories\">\n\t<li><a href=\"https:\/\/7temimarlik.com\/?cat=70\" rel=\"category\">Villa<\/a><\/li><\/ul><\/div> <a class=\"bptls_thumbnail\" href=\"https:\/\/7temimarlik.com\/?p=3634\"><img loading=\"lazy\" decoding=\"async\" width=\"630\" height=\"630\" src=\"https:\/\/7temimarlik.com\/wp-content\/uploads\/2025\/11\/SEDAT-BEY-VILLASI-7TE-MIMARLIK005.jpg\" class=\"attachment-large size-large wp-post-image\" alt=\"\" srcset=\"https:\/\/7temimarlik.com\/wp-content\/uploads\/2025\/11\/SEDAT-BEY-VILLASI-7TE-MIMARLIK005.jpg 630w, https:\/\/7temimarlik.com\/wp-content\/uploads\/2025\/11\/SEDAT-BEY-VILLASI-7TE-MIMARLIK005-300x300.jpg 300w, https:\/\/7temimarlik.com\/wp-content\/uploads\/2025\/11\/SEDAT-BEY-VILLASI-7TE-MIMARLIK005-150x150.jpg 150w\" sizes=\"(max-width: 630px) 100vw, 630px\" \/><\/a><\/article><\/div>\t\t\t\t<\/div>\n\t\t\t\t<\/div>\n\t\t\t\t<\/div>\n\t\t\t\t<\/div>\n\t\t","protected":false},"excerpt":{"rendered":"<p>7TE Mimarl\u0131k \u0130n\u015faat Tahh\u00fct Villa Projeleri Zeynep Han\u0131m Villa 7TE Mimarl\u0131k Villa Mesken Yap\u0131 Villa 7TE Mimarl\u0131k Villa Hamdi Bey V\u0130lla 7TE Mimarl\u0131k Villa Betes Villalar\u0131 7TE Mimarl\u0131k Villa Fahri Bey Villa 7TE Mimarl\u0131k Villa Fikret Bey Villa 7TE Mimarl\u0131k Villa Kerem Ali Bey Villa 7TE Mimarl\u0131k Villa Sedat Bey Villa 7TE Mimarl\u0131k Villa<\/p>\n","protected":false},"author":1,"featured_media":0,"parent":0,"menu_order":0,"comment_status":"closed","ping_status":"closed","template":"","meta":{"footnotes":""},"class_list":["post-3670","page","type-page","status-publish","hentry"],"_links":{"self":[{"href":"https:\/\/7temimarlik.com\/index.php?rest_route=\/wp\/v2\/pages\/3670","targetHints":{"allow":["GET"]}}],"collection":[{"href":"https:\/\/7temimarlik.com\/index.php?rest_route=\/wp\/v2\/pages"}],"about":[{"href":"https:\/\/7temimarlik.com\/index.php?rest_route=\/wp\/v2\/types\/page"}],"author":[{"embeddable":true,"href":"https:\/\/7temimarlik.com\/index.php?rest_route=\/wp\/v2\/users\/1"}],"replies":[{"embeddable":true,"href":"https:\/\/7temimarlik.com\/index.php?rest_route=%2Fwp%2Fv2%2Fcomments&post=3670"}],"version-history":[{"count":13,"href":"https:\/\/7temimarlik.com\/index.php?rest_route=\/wp\/v2\/pages\/3670\/revisions"}],"predecessor-version":[{"id":3712,"href":"https:\/\/7temimarlik.com\/index.php?rest_route=\/wp\/v2\/pages\/3670\/revisions\/3712"}],"wp:attachment":[{"href":"https:\/\/7temimarlik.com\/index.php?rest_route=%2Fwp%2Fv2%2Fmedia&parent=3670"}],"curies":[{"name":"wp","href":"https:\/\/api.w.org\/{rel}","templated":true}]}}