{"id":3743,"date":"2025-12-09T06:17:57","date_gmt":"2025-12-09T06:17:57","guid":{"rendered":"https:\/\/7temimarlik.com\/?page_id=3743"},"modified":"2025-12-22T09:47:29","modified_gmt":"2025-12-22T09:47:29","slug":"konut","status":"publish","type":"page","link":"https:\/\/7temimarlik.com\/?page_id=3743","title":{"rendered":"Konut"},"content":{"rendered":"\t\t<div data-elementor-type=\"wp-page\" data-elementor-id=\"3743\" class=\"elementor elementor-3743\">\n\t\t\t\t<div class=\"elementor-element elementor-element-b312d0a e-con-full e-flex e-con e-parent\" data-id=\"b312d0a\" data-element_type=\"container\" data-e-type=\"container\">\n\t\t\t\t<div class=\"elementor-element elementor-element-30721e8 elementor-widget elementor-widget-heading\" data-id=\"30721e8\" data-element_type=\"widget\" data-e-type=\"widget\" data-widget_type=\"heading.default\">\n\t\t\t\t\t<h2 class=\"elementor-heading-title elementor-size-default\">7TE Mimarl\u0131k \u0130n\u015faat Tahh\u00fct Konut Projeleri<\/h2>\t\t\t\t<\/div>\n\t\t\t\t<div class=\"elementor-element elementor-element-4d0f93e elementor-widget elementor-widget-BlogPost_Tiles\" data-id=\"4d0f93e\" data-element_type=\"widget\" data-e-type=\"widget\" data-widget_type=\"BlogPost_Tiles.default\">\n\t\t\t\t<div class=\"elementor-widget-container\">\n\t\t\t\t\t<div class=\"bptls-main-wrapper bptls-style-seventeen\"><article class=\"bptls-img-wrapper\"><div class=\"bptls-content-wrapper\"><div class=\"bptls-title\"><a href=\"https:\/\/7temimarlik.com\/?p=3715\"><h2 class=\"bptls-h2-title\">FF \u0130n\u015faat<h2><\/a><\/div><div class=\"bptls-desc\"><p><\/p><\/div><div class=\"bptls-meta\"><div class=\"bptls-author\"><span>7TE Mimarl\u0131k<\/span><\/div><\/div><\/div>    <div class=\"bptls_category\"> <ul class=\"post-categories\">\n\t<li><a href=\"https:\/\/7temimarlik.com\/?cat=71\" rel=\"category\">Konut Projesi<\/a><\/li><\/ul><\/div> <a class=\"bptls_thumbnail\" href=\"https:\/\/7temimarlik.com\/?p=3715\"><img fetchpriority=\"high\" decoding=\"async\" width=\"630\" height=\"499\" src=\"https:\/\/7temimarlik.com\/wp-content\/uploads\/2025\/11\/FF-INSAAT-KONUT-PROJESI-7TE-MIMARLIK002.jpg\" class=\"attachment-large size-large wp-post-image\" alt=\"\" srcset=\"https:\/\/7temimarlik.com\/wp-content\/uploads\/2025\/11\/FF-INSAAT-KONUT-PROJESI-7TE-MIMARLIK002.jpg 630w, https:\/\/7temimarlik.com\/wp-content\/uploads\/2025\/11\/FF-INSAAT-KONUT-PROJESI-7TE-MIMARLIK002-300x238.jpg 300w\" sizes=\"(max-width: 630px) 100vw, 630px\" \/><\/a><\/article><article class=\"bptls-img-wrapper\"><div class=\"bptls-content-wrapper\"><div class=\"bptls-title\"><a href=\"https:\/\/7temimarlik.com\/?p=3716\"><h2 class=\"bptls-h2-title\">BF Yap\u0131 \u0130n\u015faat<h2><\/a><\/div><div class=\"bptls-desc\"><p><\/p><\/div><div class=\"bptls-meta\"><div class=\"bptls-author\"><span>7TE Mimarl\u0131k<\/span><\/div><\/div><\/div>    <div class=\"bptls_category\"> <ul class=\"post-categories\">\n\t<li><a href=\"https:\/\/7temimarlik.com\/?cat=71\" rel=\"category\">Konut Projesi<\/a><\/li><\/ul><\/div> <a class=\"bptls_thumbnail\" href=\"https:\/\/7temimarlik.com\/?p=3716\"><img decoding=\"async\" width=\"400\" height=\"400\" src=\"https:\/\/7temimarlik.com\/wp-content\/uploads\/2025\/11\/BF-YAPI-KONUT-PROJESI-7TE-MIMARLIK002_001.png\" class=\"attachment-large size-large wp-post-image\" alt=\"\" srcset=\"https:\/\/7temimarlik.com\/wp-content\/uploads\/2025\/11\/BF-YAPI-KONUT-PROJESI-7TE-MIMARLIK002_001.png 400w, https:\/\/7temimarlik.com\/wp-content\/uploads\/2025\/11\/BF-YAPI-KONUT-PROJESI-7TE-MIMARLIK002_001-300x300.png 300w, https:\/\/7temimarlik.com\/wp-content\/uploads\/2025\/11\/BF-YAPI-KONUT-PROJESI-7TE-MIMARLIK002_001-150x150.png 150w\" sizes=\"(max-width: 400px) 100vw, 400px\" \/><\/a><\/article><article class=\"bptls-img-wrapper\"><div class=\"bptls-content-wrapper\"><div class=\"bptls-title\"><a href=\"https:\/\/7temimarlik.com\/?p=3717\"><h2 class=\"bptls-h2-title\">Y\u0131lmazlar \u0130n\u015faat<h2><\/a><\/div><div class=\"bptls-desc\"><p><\/p><\/div><div class=\"bptls-meta\"><div class=\"bptls-author\"><span>7TE Mimarl\u0131k<\/span><\/div><\/div><\/div>    <div class=\"bptls_category\"> <ul class=\"post-categories\">\n\t<li><a href=\"https:\/\/7temimarlik.com\/?cat=71\" rel=\"category\">Konut Projesi<\/a><\/li><\/ul><\/div> <a class=\"bptls_thumbnail\" href=\"https:\/\/7temimarlik.com\/?p=3717\"><img decoding=\"async\" width=\"410\" height=\"470\" src=\"https:\/\/7temimarlik.com\/wp-content\/uploads\/2025\/11\/7TE_Photo-3_001.jpg\" class=\"attachment-large size-large wp-post-image\" alt=\"\" srcset=\"https:\/\/7temimarlik.com\/wp-content\/uploads\/2025\/11\/7TE_Photo-3_001.jpg 410w, https:\/\/7temimarlik.com\/wp-content\/uploads\/2025\/11\/7TE_Photo-3_001-262x300.jpg 262w\" sizes=\"(max-width: 410px) 100vw, 410px\" \/><\/a><\/article><article class=\"bptls-img-wrapper\"><div class=\"bptls-content-wrapper\"><div class=\"bptls-title\"><a href=\"https:\/\/7temimarlik.com\/?p=3718\"><h2 class=\"bptls-h2-title\">Taner Zeybek \u0130n\u015faat<h2><\/a><\/div><div class=\"bptls-desc\"><p><\/p><\/div><div class=\"bptls-meta\"><div class=\"bptls-author\"><span>7TE Mimarl\u0131k<\/span><\/div><\/div><\/div>    <div class=\"bptls_category\"> <ul class=\"post-categories\">\n\t<li><a href=\"https:\/\/7temimarlik.com\/?cat=71\" rel=\"category\">Konut Projesi<\/a><\/li><\/ul><\/div> <a class=\"bptls_thumbnail\" href=\"https:\/\/7temimarlik.com\/?p=3718\"><img loading=\"lazy\" decoding=\"async\" width=\"400\" height=\"400\" src=\"https:\/\/7temimarlik.com\/wp-content\/uploads\/2025\/11\/TANER-ZEYBEK-INSAAT-KONUT-PROJESI-7TE-MIMARLIK003.jpg\" class=\"attachment-large size-large wp-post-image\" alt=\"\" srcset=\"https:\/\/7temimarlik.com\/wp-content\/uploads\/2025\/11\/TANER-ZEYBEK-INSAAT-KONUT-PROJESI-7TE-MIMARLIK003.jpg 400w, https:\/\/7temimarlik.com\/wp-content\/uploads\/2025\/11\/TANER-ZEYBEK-INSAAT-KONUT-PROJESI-7TE-MIMARLIK003-300x300.jpg 300w, https:\/\/7temimarlik.com\/wp-content\/uploads\/2025\/11\/TANER-ZEYBEK-INSAAT-KONUT-PROJESI-7TE-MIMARLIK003-150x150.jpg 150w\" sizes=\"(max-width: 400px) 100vw, 400px\" \/><\/a><\/article><article class=\"bptls-img-wrapper\"><div class=\"bptls-content-wrapper\"><div class=\"bptls-title\"><a href=\"https:\/\/7temimarlik.com\/?p=3713\"><h2 class=\"bptls-h2-title\">Barla Yap\u0131 \u0130n\u015faat<h2><\/a><\/div><div class=\"bptls-desc\"><p><\/p><\/div><div class=\"bptls-meta\"><div class=\"bptls-author\"><span>7TE Mimarl\u0131k<\/span><\/div><\/div><\/div>    <div class=\"bptls_category\"> <ul class=\"post-categories\">\n\t<li><a href=\"https:\/\/7temimarlik.com\/?cat=71\" rel=\"category\">Konut Projesi<\/a><\/li><\/ul><\/div> <a class=\"bptls_thumbnail\" href=\"https:\/\/7temimarlik.com\/?p=3713\"><img loading=\"lazy\" decoding=\"async\" width=\"630\" height=\"315\" src=\"https:\/\/7temimarlik.com\/wp-content\/uploads\/2025\/11\/ZEYNEP-HANIM-VILLASI-7TE-MIMARLIK-6.jpg\" class=\"attachment-large size-large wp-post-image\" alt=\"\" srcset=\"https:\/\/7temimarlik.com\/wp-content\/uploads\/2025\/11\/ZEYNEP-HANIM-VILLASI-7TE-MIMARLIK-6.jpg 630w, https:\/\/7temimarlik.com\/wp-content\/uploads\/2025\/11\/ZEYNEP-HANIM-VILLASI-7TE-MIMARLIK-6-300x150.jpg 300w\" sizes=\"(max-width: 630px) 100vw, 630px\" \/><\/a><\/article><\/div>\t\t\t\t<\/div>\n\t\t\t\t<\/div>\n\t\t\t\t<\/div>\n\t\t\t\t<\/div>\n\t\t","protected":false},"excerpt":{"rendered":"<p>7TE Mimarl\u0131k \u0130n\u015faat Tahh\u00fct Konut Projeleri FF \u0130n\u015faat 7TE Mimarl\u0131k Konut Projesi BF Yap\u0131 \u0130n\u015faat 7TE Mimarl\u0131k Konut Projesi Y\u0131lmazlar \u0130n\u015faat 7TE Mimarl\u0131k Konut Projesi Taner Zeybek \u0130n\u015faat 7TE Mimarl\u0131k Konut Projesi Barla Yap\u0131 \u0130n\u015faat 7TE Mimarl\u0131k Konut Projesi<\/p>\n","protected":false},"author":1,"featured_media":0,"parent":0,"menu_order":0,"comment_status":"closed","ping_status":"closed","template":"","meta":{"footnotes":""},"class_list":["post-3743","page","type-page","status-publish","hentry"],"_links":{"self":[{"href":"https:\/\/7temimarlik.com\/index.php?rest_route=\/wp\/v2\/pages\/3743","targetHints":{"allow":["GET"]}}],"collection":[{"href":"https:\/\/7temimarlik.com\/index.php?rest_route=\/wp\/v2\/pages"}],"about":[{"href":"https:\/\/7temimarlik.com\/index.php?rest_route=\/wp\/v2\/types\/page"}],"author":[{"embeddable":true,"href":"https:\/\/7temimarlik.com\/index.php?rest_route=\/wp\/v2\/users\/1"}],"replies":[{"embeddable":true,"href":"https:\/\/7temimarlik.com\/index.php?rest_route=%2Fwp%2Fv2%2Fcomments&post=3743"}],"version-history":[{"count":7,"href":"https:\/\/7temimarlik.com\/index.php?rest_route=\/wp\/v2\/pages\/3743\/revisions"}],"predecessor-version":[{"id":3910,"href":"https:\/\/7temimarlik.com\/index.php?rest_route=\/wp\/v2\/pages\/3743\/revisions\/3910"}],"wp:attachment":[{"href":"https:\/\/7temimarlik.com\/index.php?rest_route=%2Fwp%2Fv2%2Fmedia&parent=3743"}],"curies":[{"name":"wp","href":"https:\/\/api.w.org\/{rel}","templated":true}]}}