{"id":3808,"date":"2025-12-09T06:42:13","date_gmt":"2025-12-09T06:42:13","guid":{"rendered":"https:\/\/7temimarlik.com\/?page_id=3808"},"modified":"2025-12-22T09:51:42","modified_gmt":"2025-12-22T09:51:42","slug":"kat-plani","status":"publish","type":"page","link":"https:\/\/7temimarlik.com\/?page_id=3808","title":{"rendered":"Kat Plan\u0131"},"content":{"rendered":"\t\t<div data-elementor-type=\"wp-page\" data-elementor-id=\"3808\" class=\"elementor elementor-3808\">\n\t\t\t\t<div class=\"elementor-element elementor-element-b312d0a e-con-full e-flex e-con e-parent\" data-id=\"b312d0a\" data-element_type=\"container\" data-e-type=\"container\">\n\t\t\t\t<div class=\"elementor-element elementor-element-30721e8 elementor-widget elementor-widget-heading\" data-id=\"30721e8\" data-element_type=\"widget\" data-e-type=\"widget\" data-widget_type=\"heading.default\">\n\t\t\t\t\t<h2 class=\"elementor-heading-title elementor-size-default\">7TE Mimarl\u0131k \u0130n\u015faat Tahh\u00fct Kat Plan\u0131 Projeleri<\/h2>\t\t\t\t<\/div>\n\t\t\t\t<div class=\"elementor-element elementor-element-4d0f93e elementor-widget elementor-widget-BlogPost_Tiles\" data-id=\"4d0f93e\" data-element_type=\"widget\" data-e-type=\"widget\" data-widget_type=\"BlogPost_Tiles.default\">\n\t\t\t\t<div class=\"elementor-widget-container\">\n\t\t\t\t\t<div class=\"bptls-main-wrapper bptls-style-seventeen\"><article class=\"bptls-img-wrapper\"><div class=\"bptls-content-wrapper\"><div class=\"bptls-title\"><a href=\"https:\/\/7temimarlik.com\/?p=3821\"><h2 class=\"bptls-h2-title\">Karma Kat Plan\u0131<h2><\/a><\/div><div class=\"bptls-desc\"><p><\/p><\/div><div class=\"bptls-meta\"><div class=\"bptls-author\"><span>7TE Mimarl\u0131k<\/span><\/div><\/div><\/div>    <div class=\"bptls_category\"> <ul class=\"post-categories\">\n\t<li><a href=\"https:\/\/7temimarlik.com\/?cat=76\" rel=\"category\">Kat Plan\u0131<\/a><\/li><\/ul><\/div> <a class=\"bptls_thumbnail\" href=\"https:\/\/7temimarlik.com\/?p=3821\"><img fetchpriority=\"high\" decoding=\"async\" width=\"399\" height=\"400\" src=\"https:\/\/7temimarlik.com\/wp-content\/uploads\/2025\/11\/KAT-PLANLARI-7TE-MIMARLIK009_001.jpeg\" class=\"attachment-large size-large wp-post-image\" alt=\"\" srcset=\"https:\/\/7temimarlik.com\/wp-content\/uploads\/2025\/11\/KAT-PLANLARI-7TE-MIMARLIK009_001.jpeg 399w, https:\/\/7temimarlik.com\/wp-content\/uploads\/2025\/11\/KAT-PLANLARI-7TE-MIMARLIK009_001-300x300.jpeg 300w, https:\/\/7temimarlik.com\/wp-content\/uploads\/2025\/11\/KAT-PLANLARI-7TE-MIMARLIK009_001-150x150.jpeg 150w\" sizes=\"(max-width: 399px) 100vw, 399px\" \/><\/a><\/article><\/div>\t\t\t\t<\/div>\n\t\t\t\t<\/div>\n\t\t\t\t<\/div>\n\t\t\t\t<\/div>\n\t\t","protected":false},"excerpt":{"rendered":"<p>7TE Mimarl\u0131k \u0130n\u015faat Tahh\u00fct Kat Plan\u0131 Projeleri Karma Kat Plan\u0131 7TE Mimarl\u0131k Kat Plan\u0131<\/p>\n","protected":false},"author":1,"featured_media":0,"parent":0,"menu_order":0,"comment_status":"closed","ping_status":"closed","template":"","meta":{"footnotes":""},"class_list":["post-3808","page","type-page","status-publish","hentry"],"_links":{"self":[{"href":"https:\/\/7temimarlik.com\/index.php?rest_route=\/wp\/v2\/pages\/3808","targetHints":{"allow":["GET"]}}],"collection":[{"href":"https:\/\/7temimarlik.com\/index.php?rest_route=\/wp\/v2\/pages"}],"about":[{"href":"https:\/\/7temimarlik.com\/index.php?rest_route=\/wp\/v2\/types\/page"}],"author":[{"embeddable":true,"href":"https:\/\/7temimarlik.com\/index.php?rest_route=\/wp\/v2\/users\/1"}],"replies":[{"embeddable":true,"href":"https:\/\/7temimarlik.com\/index.php?rest_route=%2Fwp%2Fv2%2Fcomments&post=3808"}],"version-history":[{"count":7,"href":"https:\/\/7temimarlik.com\/index.php?rest_route=\/wp\/v2\/pages\/3808\/revisions"}],"predecessor-version":[{"id":3925,"href":"https:\/\/7temimarlik.com\/index.php?rest_route=\/wp\/v2\/pages\/3808\/revisions\/3925"}],"wp:attachment":[{"href":"https:\/\/7temimarlik.com\/index.php?rest_route=%2Fwp%2Fv2%2Fmedia&parent=3808"}],"curies":[{"name":"wp","href":"https:\/\/api.w.org\/{rel}","templated":true}]}}