{"id":489,"date":"2024-10-05T10:12:58","date_gmt":"2024-10-05T10:12:58","guid":{"rendered":"https:\/\/wp.rrdevs.net\/artima\/?page_id=489"},"modified":"2025-12-09T07:47:28","modified_gmt":"2025-12-09T07:47:28","slug":"hakkimizda","status":"publish","type":"page","link":"https:\/\/7temimarlik.com\/?page_id=489","title":{"rendered":"Hakk\u0131m\u0131zda"},"content":{"rendered":"\t\t<div data-elementor-type=\"wp-page\" data-elementor-id=\"489\" class=\"elementor elementor-489\">\n\t\t\t\t<div class=\"elementor-element elementor-element-4cd0cc0 e-con-full e-flex e-con e-parent\" data-id=\"4cd0cc0\" data-element_type=\"container\" data-e-type=\"container\">\n\t\t\t\t<div class=\"elementor-element elementor-element-d06210d elementor-widget elementor-widget-about\" data-id=\"d06210d\" data-element_type=\"widget\" data-e-type=\"widget\" data-widget_type=\"about.default\">\n\t\t\t\t<div class=\"elementor-widget-container\">\n\t\t\t\t\t\r\n<!-- \"about-company area start -->\r\n<section class=\"about-company section-space rr-el-section\">\r\n    <div class=\"container\">\r\n        <div class=\"row\">\r\n                        <div class=\"col-lg-6\">\r\n                <div class=\"about-company__media\">\r\n                                                            <div class=\"about-company__thumb-1 wow clip-a-z\">\r\n                        <img decoding=\"async\" src=\"https:\/\/7temimarlik.com\/wp-content\/uploads\/2024\/09\/about-company-1.png\" alt=\"\">\r\n                    <\/div>\r\n                                                            <div class=\"about-company__thumb-2 wow clip-a-z\">\r\n                        <img decoding=\"async\" src=\"https:\/\/7temimarlik.com\/wp-content\/uploads\/2024\/09\/about-compan2.png\" alt=\"\">\r\n                    <\/div>\r\n                    \r\n                    <div class=\"about-company__customer rr-el-experience-box\">\r\n                        <h2><span class=\"odometer rr-el-experience-text\"\r\n                                data-count=\"99\">0<\/span>%\r\n                        <\/h2>\r\n                                                <h6 class=\"rr-rp-experience rr-el-experience-text\">\r\n                            Mutlu M\u00fc\u015fteri                        <\/h6>\r\n                                            <\/div>\r\n                <\/div>\r\n            <\/div>\r\n                        <div class=\"col-lg-6\">\r\n                <div class=\"about-company__content\">\r\n\r\n                                        <div class=\"section__title-wrapper mb-50 mb-xs-35\">\r\n                                                <span\r\n                            class=\"section__subtitle rr-el-sub-title\">7TE Mimarl\u0131k \u0130n\u015faat Tahh\u00fct<\/span>\r\n                                                <h3 class=\"section__title mb-25 rr-el-title\">Mimariyi Projelendirir, Gelece\u011finizi G\u00fcvenceye Al\u0131r.<\/h3>                                                <p class=\"mb-0 rr-el-desc\">7TE Mimarl\u0131k \u0130n\u015faat Tahh\u00fct olarak, mekan\u0131 sadece yap\u0131 de\u011fil, bir deneyim ve kimlik olarak ele al\u0131yoruz. \u0130zmir'in kendine has ruhunu ve modern mimari trendleri birle\u015ftirerek, projelerinize \u00f6zg\u00fcn bir bak\u0131\u015f a\u00e7\u0131s\u0131 getiriyoruz.<\/p>\r\n                                            <\/div>\r\n                                        <div class=\"about-company__wrapper\">\r\n                                                <div class=\"about-company__box\">\r\n                            <div class=\"circle\">\r\n                                                                <div class=\"circle-text rr-el-circle\">\r\n                                                                    <\/div>\r\n                            <\/div>\r\n                        <\/div>\r\n                                                <ul>\r\n                                                                                    <li class=\"rr-el-list\">\r\n                                <span>\r\n                                    <svg width=\"14\" height=\"10\" viewBox=\"0 0 14 10\" fill=\"none\"\r\n                                        xmlns=\"http:\/\/www.w3.org\/2000\/svg\">\r\n                                        <path d=\"M13 1L4.75 9L1 5.36364\" stroke=\"#906E50\" stroke-width=\"1.5\"\r\n                                            stroke-linecap=\"round\" stroke-linejoin=\"round\" \/>\r\n                                    <\/svg>\r\n                                <\/span>\r\n                                B\u00fct\u00fcnle\u015fik \u00c7\u00f6z\u00fcm                            <\/li>\r\n                                                                                                                <li class=\"rr-el-list\">\r\n                                <span>\r\n                                    <svg width=\"14\" height=\"10\" viewBox=\"0 0 14 10\" fill=\"none\"\r\n                                        xmlns=\"http:\/\/www.w3.org\/2000\/svg\">\r\n                                        <path d=\"M13 1L4.75 9L1 5.36364\" stroke=\"#906E50\" stroke-width=\"1.5\"\r\n                                            stroke-linecap=\"round\" stroke-linejoin=\"round\" \/>\r\n                                    <\/svg>\r\n                                <\/span>\r\n                                Modern Tasar\u0131m                            <\/li>\r\n                                                                                                                <li class=\"rr-el-list\">\r\n                                <span>\r\n                                    <svg width=\"14\" height=\"10\" viewBox=\"0 0 14 10\" fill=\"none\"\r\n                                        xmlns=\"http:\/\/www.w3.org\/2000\/svg\">\r\n                                        <path d=\"M13 1L4.75 9L1 5.36364\" stroke=\"#906E50\" stroke-width=\"1.5\"\r\n                                            stroke-linecap=\"round\" stroke-linejoin=\"round\" \/>\r\n                                    <\/svg>\r\n                                <\/span>\r\n                                Vizyon ve Uygulama                            <\/li>\r\n                                                                                <\/ul>\r\n                    <\/div>\r\n                                    <\/div>\r\n            <\/div>\r\n        <\/div>\r\n    <\/div>\r\n<\/section>\r\n<!-- \"about-company area end -->\r\n\t\t\t\t<\/div>\n\t\t\t\t<\/div>\n\t\t\t\t<\/div>\n\t\t\t\t<\/div>\n\t\t","protected":false},"excerpt":{"rendered":"<p>0% Mutlu M\u00fc\u015fteri 7TE Mimarl\u0131k \u0130n\u015faat Tahh\u00fct Mimariyi Projelendirir, Gelece\u011finizi G\u00fcvenceye Al\u0131r. 7TE Mimarl\u0131k \u0130n\u015faat Tahh\u00fct olarak, mekan\u0131 sadece yap\u0131 de\u011fil, bir deneyim ve kimlik olarak ele al\u0131yoruz. \u0130zmir&#8217;in kendine has ruhunu ve modern mimari trendleri birle\u015ftirerek, projelerinize \u00f6zg\u00fcn bir bak\u0131\u015f a\u00e7\u0131s\u0131 getiriyoruz. B\u00fct\u00fcnle\u015fik \u00c7\u00f6z\u00fcm Modern Tasar\u0131m Vizyon ve Uygulama<\/p>\n","protected":false},"author":1,"featured_media":0,"parent":0,"menu_order":0,"comment_status":"closed","ping_status":"closed","template":"elementor_header_footer","meta":{"footnotes":""},"class_list":["post-489","page","type-page","status-publish","hentry"],"_links":{"self":[{"href":"https:\/\/7temimarlik.com\/index.php?rest_route=\/wp\/v2\/pages\/489","targetHints":{"allow":["GET"]}}],"collection":[{"href":"https:\/\/7temimarlik.com\/index.php?rest_route=\/wp\/v2\/pages"}],"about":[{"href":"https:\/\/7temimarlik.com\/index.php?rest_route=\/wp\/v2\/types\/page"}],"author":[{"embeddable":true,"href":"https:\/\/7temimarlik.com\/index.php?rest_route=\/wp\/v2\/users\/1"}],"replies":[{"embeddable":true,"href":"https:\/\/7temimarlik.com\/index.php?rest_route=%2Fwp%2Fv2%2Fcomments&post=489"}],"version-history":[{"count":6,"href":"https:\/\/7temimarlik.com\/index.php?rest_route=\/wp\/v2\/pages\/489\/revisions"}],"predecessor-version":[{"id":3902,"href":"https:\/\/7temimarlik.com\/index.php?rest_route=\/wp\/v2\/pages\/489\/revisions\/3902"}],"wp:attachment":[{"href":"https:\/\/7temimarlik.com\/index.php?rest_route=%2Fwp%2Fv2%2Fmedia&parent=489"}],"curies":[{"name":"wp","href":"https:\/\/api.w.org\/{rel}","templated":true}]}}