{"id":522,"date":"2024-10-06T04:27:34","date_gmt":"2024-10-06T04:27:34","guid":{"rendered":"https:\/\/wp.rrdevs.net\/artima\/?page_id=522"},"modified":"2025-12-08T11:43:29","modified_gmt":"2025-12-08T11:43:29","slug":"ekibimiz","status":"publish","type":"page","link":"https:\/\/7temimarlik.com\/?page_id=522","title":{"rendered":"Ekibimiz"},"content":{"rendered":"\t\t<div data-elementor-type=\"wp-page\" data-elementor-id=\"522\" class=\"elementor elementor-522\">\n\t\t\t\t<div class=\"elementor-element elementor-element-dde3728 e-con-full e-flex e-con e-parent\" data-id=\"dde3728\" data-element_type=\"container\" data-e-type=\"container\">\n\t\t\t\t<div class=\"elementor-element elementor-element-a727de5 elementor-widget elementor-widget-rr_team\" data-id=\"a727de5\" data-element_type=\"widget\" data-e-type=\"widget\" data-widget_type=\"rr_team.default\">\n\t\t\t\t<div class=\"elementor-widget-container\">\n\t\t\t\t\t\r\n<!-- style 2 -->\r\n<!-- \"team-member area start -->\r\n<section class=\"team-member section-space overflow-hidden rr-el-section\">\r\n    <div class=\"container\">\r\n        <div class=\"row\">\r\n            <div class=\"col-12\">\r\n                            <\/div>\r\n        <\/div>\r\n    <\/div>\r\n\r\n    <div class=\"container container-1730\">\r\n        <div class=\"row  mb-minus-30\">\r\n                        <div class=\"col-md-6 col-lg-4 col-xl-3\">\r\n                <div class=\"team-member__item team-member__item-1 team-box\">\r\n                    <div class=\"team-member__media wow clip-a-z\">\r\n                                                <img decoding=\"async\" src=\"https:\/\/7temimarlik.com\/wp-content\/uploads\/2025\/12\/mesut-eke.webp\"\r\n                            alt=\"\">\r\n                                                                        <ul class=\"team-member__socail-media\">\r\n                                                                                                                <li>\r\n                                <a class=\"rr-el-social\" href=\"https:\/\/www.instagram.com\/7te_mimarlik?igsh=MWQyZ2hvZmNjaWNhYw==\">\r\n                                    <svg width=\"16\" height=\"16\" viewBox=\"0 0 16 16\" fill=\"none\"\r\n                                        xmlns=\"http:\/\/www.w3.org\/2000\/svg\">\r\n                                        <path\r\n                                            d=\"M12.334 4.66649C12.8863 4.66649 13.334 4.21878 13.334 3.66651C13.334 3.11424 12.8863 2.66654 12.334 2.66654C11.7817 2.66654 11.334 3.11424 11.334 3.66651C11.334 4.21878 11.7817 4.66649 12.334 4.66649Z\"\r\n                                            fill=\"white\" \/>\r\n                                        <path\r\n                                            d=\"M8.00002 3.9999C5.79041 3.9999 4.00002 5.79044 4.00002 7.9998C4.00002 10.2083 5.79041 12.0001 8.00002 12.0001C10.209 12.0001 12 10.2083 12 7.9998C12 5.79044 10.209 3.9999 8.00002 3.9999ZM8.00002 10.6667C6.5274 10.6667 5.33342 9.47278 5.33342 7.9998C5.33342 6.52683 6.5274 5.33327 8.00002 5.33327C9.47264 5.33327 10.6666 6.52683 10.6666 7.9998C10.6666 9.47278 9.47264 10.6667 8.00002 10.6667Z\"\r\n                                            fill=\"white\" \/>\r\n                                        <path\r\n                                            d=\"M12 0H4C1.8002 0 0 1.80015 0 3.9999V12.0001C0 14.1993 1.8002 16 4 16H12C14.1998 16 16 14.1993 16 12.0001V3.9999C16 1.80015 14.1998 0 12 0ZM14.6666 12.0001C14.6666 13.4701 13.4708 14.6666 12 14.6666H4C2.5298 14.6666 1.3334 13.4701 1.3334 12.0001V3.9999C1.3334 2.52955 2.5298 1.33337 4 1.33337H12C13.4708 1.33337 14.6666 2.52955 14.6666 3.9999V12.0001Z\"\r\n                                            fill=\"white\" \/>\r\n                                    <\/svg>\r\n                                <\/a>\r\n                            <\/li>\r\n                                                                                    <li>\r\n                                <a class=\"rr-el-social\" href=\"https:\/\/www.linkedin.com\/in\/mesut-eke-62ba21148?utm_source=share&#038;utm_campaign=share_via&#038;utm_content=profile&#038;utm_medium=android_app\">\r\n                                    <svg width=\"16\" height=\"16\" viewBox=\"0 0 16 16\" fill=\"none\"\r\n                                        xmlns=\"http:\/\/www.w3.org\/2000\/svg\">\r\n                                        <path\r\n                                            d=\"M16 16V10.14C16 7.26 15.38 5.06 12.02 5.06C10.4 5.06 9.32 5.94 8.88 6.78H8.84V5.32H5.66V16H8.98V10.7C8.98 9.3 9.24 7.96 10.96 7.96C12.66 7.96 12.68 9.54 12.68 10.78V15.98H16V16Z\"\r\n                                            fill=\"white\" \/>\r\n                                        <path d=\"M0.26 5.32H3.58V16H0.26V5.32Z\" fill=\"white\" \/>\r\n                                        <path\r\n                                            d=\"M1.92 0C0.86 0 0 0.86 0 1.92C0 2.98 0.86 3.86 1.92 3.86C2.98 3.86 3.84 2.98 3.84 1.92C3.84 0.86 2.98 0 1.92 0Z\"\r\n                                            fill=\"white\" \/>\r\n                                    <\/svg>\r\n                                <\/a>\r\n                            <\/li>\r\n                                                    <\/ul>\r\n                                            <\/div>\r\n                    <div class=\"team-member__content\">\r\n                        <div class=\"team-member__content-text\">\r\n                            <h6 class=\"rr-team-title rr-rp-Title\"><a href=\"https:\/\/7temimarlik.com\/?page_id=558\">Mesut EKE<\/a><\/h6>                                                        <span class=\"rr-el-designation\">Mimar <\/span>\r\n                                                    <\/div>\r\n                    <\/div>\r\n                <\/div>\r\n            <\/div>\r\n                        <div class=\"col-md-6 col-lg-4 col-xl-3\">\r\n                <div class=\"team-member__item team-member__item-2 team-box\">\r\n                    <div class=\"team-member__media wow clip-a-z\">\r\n                                                <img decoding=\"async\" src=\"https:\/\/7temimarlik.com\/wp-content\/uploads\/2025\/12\/bursa-sadic.webp\"\r\n                            alt=\"\">\r\n                                                                        <ul class=\"team-member__socail-media\">\r\n                                                                                                                <li>\r\n                                <a class=\"rr-el-social\" href=\"https:\/\/www.instagram.com\/7te_mimarlik?igsh=MWQyZ2hvZmNjaWNhYw==\">\r\n                                    <svg width=\"16\" height=\"16\" viewBox=\"0 0 16 16\" fill=\"none\"\r\n                                        xmlns=\"http:\/\/www.w3.org\/2000\/svg\">\r\n                                        <path\r\n                                            d=\"M12.334 4.66649C12.8863 4.66649 13.334 4.21878 13.334 3.66651C13.334 3.11424 12.8863 2.66654 12.334 2.66654C11.7817 2.66654 11.334 3.11424 11.334 3.66651C11.334 4.21878 11.7817 4.66649 12.334 4.66649Z\"\r\n                                            fill=\"white\" \/>\r\n                                        <path\r\n                                            d=\"M8.00002 3.9999C5.79041 3.9999 4.00002 5.79044 4.00002 7.9998C4.00002 10.2083 5.79041 12.0001 8.00002 12.0001C10.209 12.0001 12 10.2083 12 7.9998C12 5.79044 10.209 3.9999 8.00002 3.9999ZM8.00002 10.6667C6.5274 10.6667 5.33342 9.47278 5.33342 7.9998C5.33342 6.52683 6.5274 5.33327 8.00002 5.33327C9.47264 5.33327 10.6666 6.52683 10.6666 7.9998C10.6666 9.47278 9.47264 10.6667 8.00002 10.6667Z\"\r\n                                            fill=\"white\" \/>\r\n                                        <path\r\n                                            d=\"M12 0H4C1.8002 0 0 1.80015 0 3.9999V12.0001C0 14.1993 1.8002 16 4 16H12C14.1998 16 16 14.1993 16 12.0001V3.9999C16 1.80015 14.1998 0 12 0ZM14.6666 12.0001C14.6666 13.4701 13.4708 14.6666 12 14.6666H4C2.5298 14.6666 1.3334 13.4701 1.3334 12.0001V3.9999C1.3334 2.52955 2.5298 1.33337 4 1.33337H12C13.4708 1.33337 14.6666 2.52955 14.6666 3.9999V12.0001Z\"\r\n                                            fill=\"white\" \/>\r\n                                    <\/svg>\r\n                                <\/a>\r\n                            <\/li>\r\n                                                                                    <li>\r\n                                <a class=\"rr-el-social\" href=\"https:\/\/www.linkedin.com\/in\/brktunc?utm_source=share&#038;utm_campaign=share_via&#038;utm_content=profile&#038;utm_medium=android_app\">\r\n                                    <svg width=\"16\" height=\"16\" viewBox=\"0 0 16 16\" fill=\"none\"\r\n                                        xmlns=\"http:\/\/www.w3.org\/2000\/svg\">\r\n                                        <path\r\n                                            d=\"M16 16V10.14C16 7.26 15.38 5.06 12.02 5.06C10.4 5.06 9.32 5.94 8.88 6.78H8.84V5.32H5.66V16H8.98V10.7C8.98 9.3 9.24 7.96 10.96 7.96C12.66 7.96 12.68 9.54 12.68 10.78V15.98H16V16Z\"\r\n                                            fill=\"white\" \/>\r\n                                        <path d=\"M0.26 5.32H3.58V16H0.26V5.32Z\" fill=\"white\" \/>\r\n                                        <path\r\n                                            d=\"M1.92 0C0.86 0 0 0.86 0 1.92C0 2.98 0.86 3.86 1.92 3.86C2.98 3.86 3.84 2.98 3.84 1.92C3.84 0.86 2.98 0 1.92 0Z\"\r\n                                            fill=\"white\" \/>\r\n                                    <\/svg>\r\n                                <\/a>\r\n                            <\/li>\r\n                                                    <\/ul>\r\n                                            <\/div>\r\n                    <div class=\"team-member__content\">\r\n                        <div class=\"team-member__content-text\">\r\n                            <h6 class=\"rr-team-title rr-rp-Title rr-team-title rr-rp-Title\"><a href=\"https:\/\/7temimarlik.com\/?page_id=2583\">Burak Sacid TUN\u00c7<\/a><\/h6>                                                        <span class=\"rr-el-designation\">Mimar <\/span>\r\n                                                    <\/div>\r\n                    <\/div>\r\n                <\/div>\r\n            <\/div>\r\n                        <div class=\"col-md-6 col-lg-4 col-xl-3\">\r\n                <div class=\"team-member__item team-member__item-3 team-box\">\r\n                    <div class=\"team-member__media wow clip-a-z\">\r\n                                                <img decoding=\"async\" src=\"https:\/\/7temimarlik.com\/wp-content\/uploads\/2025\/12\/muhammed-eke.webp\"\r\n                            alt=\"\">\r\n                                                                    <\/div>\r\n                    <div class=\"team-member__content\">\r\n                        <div class=\"team-member__content-text\">\r\n                            <h6 class=\"rr-team-title rr-rp-Title rr-team-title rr-rp-Title rr-team-title rr-rp-Title\"><a href=\"https:\/\/7temimarlik.com\/?page_id=2592\">Muhammet EKE<\/a><\/h6>                                                        <span class=\"rr-el-designation\">\u0130n\u015faat M\u00fchendisi <\/span>\r\n                                                    <\/div>\r\n                    <\/div>\r\n                <\/div>\r\n            <\/div>\r\n                        <div class=\"col-md-6 col-lg-4 col-xl-3\">\r\n                <div class=\"team-member__item team-member__item-4 team-box\">\r\n                    <div class=\"team-member__media wow clip-a-z\">\r\n                                                <img decoding=\"async\" src=\"https:\/\/7temimarlik.com\/wp-content\/uploads\/2025\/12\/i-demirel.webp\"\r\n                            alt=\"\">\r\n                                                                    <\/div>\r\n                    <div class=\"team-member__content\">\r\n                        <div class=\"team-member__content-text\">\r\n                            <h6 class=\"rr-team-title rr-rp-Title rr-team-title rr-rp-Title rr-team-title rr-rp-Title rr-team-title rr-rp-Title\"><a href=\"https:\/\/7temimarlik.com\/?page_id=2600\">\u0130rfan DEM\u0130REL<\/a><\/h6>                                                        <span class=\"rr-el-designation\">Peyzaj Mimar\u0131 <\/span>\r\n                                                    <\/div>\r\n                    <\/div>\r\n                <\/div>\r\n            <\/div>\r\n                    <\/div>\r\n    <\/div>\r\n<\/section>\r\n<!-- \"team-member area end -->\r\n\t\t\t\t<\/div>\n\t\t\t\t<\/div>\n\t\t\t\t<\/div>\n\t\t\t\t<\/div>\n\t\t","protected":false},"excerpt":{"rendered":"<p>Mesut EKE Mimar Burak Sacid TUN\u00c7 Mimar Muhammet EKE \u0130n\u015faat M\u00fchendisi \u0130rfan DEM\u0130REL Peyzaj Mimar\u0131<\/p>\n","protected":false},"author":1,"featured_media":0,"parent":0,"menu_order":0,"comment_status":"closed","ping_status":"closed","template":"elementor_header_footer","meta":{"footnotes":""},"class_list":["post-522","page","type-page","status-publish","hentry"],"_links":{"self":[{"href":"https:\/\/7temimarlik.com\/index.php?rest_route=\/wp\/v2\/pages\/522","targetHints":{"allow":["GET"]}}],"collection":[{"href":"https:\/\/7temimarlik.com\/index.php?rest_route=\/wp\/v2\/pages"}],"about":[{"href":"https:\/\/7temimarlik.com\/index.php?rest_route=\/wp\/v2\/types\/page"}],"author":[{"embeddable":true,"href":"https:\/\/7temimarlik.com\/index.php?rest_route=\/wp\/v2\/users\/1"}],"replies":[{"embeddable":true,"href":"https:\/\/7temimarlik.com\/index.php?rest_route=%2Fwp%2Fv2%2Fcomments&post=522"}],"version-history":[{"count":3,"href":"https:\/\/7temimarlik.com\/index.php?rest_route=\/wp\/v2\/pages\/522\/revisions"}],"predecessor-version":[{"id":3600,"href":"https:\/\/7temimarlik.com\/index.php?rest_route=\/wp\/v2\/pages\/522\/revisions\/3600"}],"wp:attachment":[{"href":"https:\/\/7temimarlik.com\/index.php?rest_route=%2Fwp%2Fv2%2Fmedia&parent=522"}],"curies":[{"name":"wp","href":"https:\/\/api.w.org\/{rel}","templated":true}]}}