{"id":981,"date":"2024-10-08T05:33:50","date_gmt":"2024-10-08T05:33:50","guid":{"rendered":"https:\/\/wp.rrdevs.net\/artima\/?page_id=981"},"modified":"2025-12-27T14:43:59","modified_gmt":"2025-12-27T14:43:59","slug":"hizmetlerimiz","status":"publish","type":"page","link":"https:\/\/7temimarlik.com\/?page_id=981","title":{"rendered":"Hizmetlerimiz"},"content":{"rendered":"\t\t<div data-elementor-type=\"wp-page\" data-elementor-id=\"981\" class=\"elementor elementor-981\">\n\t\t\t\t<div class=\"elementor-element elementor-element-be1219a e-flex e-con-boxed e-con e-parent\" data-id=\"be1219a\" data-element_type=\"container\" data-e-type=\"container\">\n\t\t\t\t\t<div class=\"e-con-inner\">\n\t\t\t\t<div class=\"elementor-element elementor-element-0f3a443 elementor-widget elementor-widget-rr_service\" data-id=\"0f3a443\" data-element_type=\"widget\" data-e-type=\"widget\" data-widget_type=\"rr_service.default\">\n\t\t\t\t<div class=\"elementor-widget-container\">\n\t\t\t\t\t\r\n<!--latest-service area start -->\r\n<section class=\"latest-service latest-service__bg section-space ele-section\">\r\n    <div class=\"container\">\r\n        <div class=\"row\">\r\n            <div class=\"col-12\">\r\n                            <div class=\"section-2__title-wrapper align-items-center mb-55 mb-xs-40\">\r\n                                        <span class=\"section-2__subtitle justify-content-center mb-10 rr-el-sub-title\"><img decoding=\"async\" class=\"rightLeft\"\r\n                            src=\"https:\/\/7temimarlik.com\/wp-content\/themes\/artima\/assets\/imgs\/update\/section-title\/left-shape.svg\"\r\n                            alt=\"arrow not found\">7TE Mimarl\u0131k \u0130n\u015faat Tahh\u00fct                        <img decoding=\"async\" class=\"rightLeft\"\r\n                            src=\"https:\/\/7temimarlik.com\/wp-content\/themes\/artima\/assets\/imgs\/update\/section-title\/right-shape.svg\"\r\n                            alt=\"arrow not found\"><\/span>\r\n                                        <h2 class=\"section-2__title title-animation rr-el-title\">Hizmetlerimiz<\/h2>                <\/div>\r\n                        <\/div>\r\n        <\/div>\r\n\r\n        <div class=\"row mb-minus-30\">\r\n                        <div class=\"col-lg-4 col-md-6\">\r\n                <div class=\"latest-service__item\">\r\n                                        <div class=\"latest-service__media\">\r\n                        <img decoding=\"async\" src=\"https:\/\/7temimarlik.com\/wp-content\/uploads\/2024\/10\/service-1.jpg\"\r\n                            alt=\"\">\r\n                    <\/div>\r\n                                        <div class=\"latest-service__content\">\r\n                        <div class=\"latest-service__icon mb-25\">\r\n                                                                                    <span>\r\n                                <img decoding=\"async\" src=\"https:\/\/7temimarlik.com\/wp-content\/uploads\/2024\/10\/service-1.jpg\"\r\n                                    alt=\"\">\r\n                            <\/span>\r\n                                                                                <\/div>\r\n                        <h6 class=\"title-animation mb-10 rr-el-re-Title\">\r\n                             <a\r\n                                href=\"https:\/\/7temimarlik.com\/service\/cephe-tasarimi\/\">\r\n                                Cephe Tasar\u0131m\u0131<\/a>\r\n                                                    <\/h6>\r\n                                                <p class=\"mb-15 rr-el-re-dec\">Cephe, bir yap\u0131n\u0131n kimli\u011fini ve ilk izlenimini olu\u015fturan en kritik unsurdur.<\/p>\r\n                                                <a class=\"read-more rr-el-btn\"\r\n                            href=\"https:\/\/7temimarlik.com\/service\/cephe-tasarimi\/\">Cephe Tasar\u0131m\u0131 <i\r\n                                class=\"fa-solid fa-arrow-right\"><\/i><\/a>\r\n                    <\/div>\r\n                <\/div>\r\n            <\/div>\r\n                        <div class=\"col-lg-4 col-md-6\">\r\n                <div class=\"latest-service__item\">\r\n                                        <div class=\"latest-service__media\">\r\n                        <img decoding=\"async\" src=\"https:\/\/7temimarlik.com\/wp-content\/uploads\/2025\/10\/danisma-2.jpg\"\r\n                            alt=\"\">\r\n                    <\/div>\r\n                                        <div class=\"latest-service__content\">\r\n                        <div class=\"latest-service__icon mb-25\">\r\n                                                                                    <span>\r\n                                <img decoding=\"async\" src=\"https:\/\/7temimarlik.com\/wp-content\/uploads\/2025\/10\/danisma-2.jpg\"\r\n                                    alt=\"\">\r\n                            <\/span>\r\n                                                                                <\/div>\r\n                        <h6 class=\"title-animation mb-10 rr-el-re-Title\">\r\n                             <a\r\n                                href=\"https:\/\/7temimarlik.com\/service\/danismanlik-hizmetleri\/\">\r\n                                Dan\u0131\u015fmanl\u0131k Hizmetleri<\/a>\r\n                                                    <\/h6>\r\n                                                <p class=\"mb-15 rr-el-re-dec\">Mimari ve in\u015faat s\u00fcre\u00e7leri, teknik, yasal ve finansal kararlar\u0131n karma\u015f\u0131k bir birle\u015fimidir. <\/p>\r\n                                                <a class=\"read-more rr-el-btn\"\r\n                            href=\"https:\/\/7temimarlik.com\/service\/danismanlik-hizmetleri\/\">Dan\u0131\u015fmanl\u0131k Hizmeti <i\r\n                                class=\"fa-solid fa-arrow-right\"><\/i><\/a>\r\n                    <\/div>\r\n                <\/div>\r\n            <\/div>\r\n                        <div class=\"col-lg-4 col-md-6\">\r\n                <div class=\"latest-service__item\">\r\n                                        <div class=\"latest-service__media\">\r\n                        <img decoding=\"async\" src=\"https:\/\/7temimarlik.com\/wp-content\/uploads\/2025\/11\/IC-MEKAN-TASARIMI-7TE-MIMARLIK009_001.jpg\"\r\n                            alt=\"\">\r\n                    <\/div>\r\n                                        <div class=\"latest-service__content\">\r\n                        <div class=\"latest-service__icon mb-25\">\r\n                                                                                    <span>\r\n                                <img decoding=\"async\" src=\"https:\/\/7temimarlik.com\/wp-content\/uploads\/2025\/11\/IC-MEKAN-TASARIMI-7TE-MIMARLIK010_001.jpg\"\r\n                                    alt=\"\">\r\n                            <\/span>\r\n                                                                                <\/div>\r\n                        <h6 class=\"title-animation mb-10 rr-el-re-Title\">\r\n                             <a\r\n                                href=\"https:\/\/7temimarlik.com\/ic-mekan-tasarim\/\">\r\n                                \u0130\u00e7 Tasar\u0131m<\/a>\r\n                                                    <\/h6>\r\n                                                <p class=\"mb-15 rr-el-re-dec\">Ya\u015fam ve \u00e7al\u0131\u015fma alanlar\u0131n\u0131z\u0131n kalitesi, verimlili\u011finiz ve konforunuz \u00fczerinde do\u011frudan etkilidir.<\/p>\r\n                                                <a class=\"read-more rr-el-btn\"\r\n                            href=\"https:\/\/7temimarlik.com\/ic-mekan-tasarim\/\">\u0130\u00e7 Tasar\u0131m <i\r\n                                class=\"fa-solid fa-arrow-right\"><\/i><\/a>\r\n                    <\/div>\r\n                <\/div>\r\n            <\/div>\r\n                        <div class=\"col-lg-4 col-md-6\">\r\n                <div class=\"latest-service__item\">\r\n                                        <div class=\"latest-service__media\">\r\n                        <img decoding=\"async\" src=\"https:\/\/7temimarlik.com\/wp-content\/uploads\/2025\/10\/imar-affi-2.jpg\"\r\n                            alt=\"\">\r\n                    <\/div>\r\n                                        <div class=\"latest-service__content\">\r\n                        <div class=\"latest-service__icon mb-25\">\r\n                                                                                    <span>\r\n                                <img decoding=\"async\" src=\"https:\/\/7temimarlik.com\/wp-content\/uploads\/2025\/10\/imar-affi-2.jpg\"\r\n                                    alt=\"\">\r\n                            <\/span>\r\n                                                                                <\/div>\r\n                        <h6 class=\"title-animation mb-10 rr-el-re-Title\">\r\n                             <a\r\n                                href=\"https:\/\/7temimarlik.com\/service\/imar-affi-tapu-alimi\/\">\r\n                                \u0130mar Aff\u0131 Tapu Al\u0131m\u0131<\/a>\r\n                                                    <\/h6>\r\n                                                <p class=\"mb-15 rr-el-re-dec\">Mevcut yap\u0131larda kar\u015f\u0131la\u015f\u0131lan al\u0131m s\u00fcre\u00e7leri, b\u00fcrokratik bilgi ve hassasiyet gerektiren yasal i\u015flemler.<\/p>\r\n                                                <a class=\"read-more rr-el-btn\"\r\n                            href=\"https:\/\/7temimarlik.com\/service\/imar-affi-tapu-alimi\/\">\u0130mar Aff\u0131 Tapu Al\u0131m\u0131 <i\r\n                                class=\"fa-solid fa-arrow-right\"><\/i><\/a>\r\n                    <\/div>\r\n                <\/div>\r\n            <\/div>\r\n                        <div class=\"col-lg-4 col-md-6\">\r\n                <div class=\"latest-service__item\">\r\n                                        <div class=\"latest-service__media\">\r\n                        <img decoding=\"async\" src=\"https:\/\/7temimarlik.com\/wp-content\/uploads\/2024\/10\/konut-isyeri-3.png\"\r\n                            alt=\"\">\r\n                    <\/div>\r\n                                        <div class=\"latest-service__content\">\r\n                        <div class=\"latest-service__icon mb-25\">\r\n                                                                                    <span>\r\n                                <img decoding=\"async\" src=\"https:\/\/7temimarlik.com\/wp-content\/uploads\/2024\/10\/konut-isyeri-3.png\"\r\n                                    alt=\"\">\r\n                            <\/span>\r\n                                                                                <\/div>\r\n                        <h6 class=\"title-animation mb-10 rr-el-re-Title\">\r\n                             <a\r\n                                href=\"https:\/\/7temimarlik.com\/service\/isyeri-konut-karma-tasarimi\/\">\r\n                                \u0130\u015fyeri Konut Karma<\/a>\r\n                                                    <\/h6>\r\n                                                <p class=\"mb-15 rr-el-re-dec\">G\u00fcncel kentsel ya\u015fam\u0131n ve s\u00fcrd\u00fcr\u00fclebilirli\u011fin en \u00f6nemli par\u00e7as\u0131d\u0131r.<\/p>\r\n                                                <a class=\"read-more rr-el-btn\"\r\n                            href=\"https:\/\/7temimarlik.com\/service\/isyeri-konut-karma-tasarimi\/\">\u0130\u015fyeri Konut Karma Tasar\u0131m\u0131 <i\r\n                                class=\"fa-solid fa-arrow-right\"><\/i><\/a>\r\n                    <\/div>\r\n                <\/div>\r\n            <\/div>\r\n                        <div class=\"col-lg-4 col-md-6\">\r\n                <div class=\"latest-service__item\">\r\n                                        <div class=\"latest-service__media\">\r\n                        <img decoding=\"async\" src=\"https:\/\/7temimarlik.com\/wp-content\/uploads\/2025\/11\/FF-INSAAT-KONUT-PROJESI-7TE-MIMARLIK002.jpg\"\r\n                            alt=\"\">\r\n                    <\/div>\r\n                                        <div class=\"latest-service__content\">\r\n                        <div class=\"latest-service__icon mb-25\">\r\n                                                                                    <span>\r\n                                <img decoding=\"async\" src=\"https:\/\/7temimarlik.com\/wp-content\/uploads\/2025\/11\/FF-INSAAT-KONUT-PROJESI-7TE-MIMARLIK002.jpg\"\r\n                                    alt=\"\">\r\n                            <\/span>\r\n                                                                                <\/div>\r\n                        <h6 class=\"title-animation mb-10 rr-el-re-Title\">\r\n                             <a\r\n                                href=\"https:\/\/7temimarlik.com\/service\/konut-tasarimi\/\">\r\n                                Konut Tasar\u0131m\u0131<\/a>\r\n                                                    <\/h6>\r\n                                                <p class=\"mb-15 rr-el-re-dec\">Konut, bir yat\u0131r\u0131m\u0131n \u00f6tesinde, bireysel hayatlar\u0131n merkezi ve s\u0131\u011f\u0131na\u011f\u0131d\u0131r.<\/p>\r\n                                                <a class=\"read-more rr-el-btn\"\r\n                            href=\"https:\/\/7temimarlik.com\/service\/konut-tasarimi\/\">Konut Tasar\u0131m\u0131 <i\r\n                                class=\"fa-solid fa-arrow-right\"><\/i><\/a>\r\n                    <\/div>\r\n                <\/div>\r\n            <\/div>\r\n                        <div class=\"col-lg-4 col-md-6\">\r\n                <div class=\"latest-service__item\">\r\n                                        <div class=\"latest-service__media\">\r\n                        <img decoding=\"async\" src=\"https:\/\/7temimarlik.com\/wp-content\/uploads\/2024\/10\/ofis-tasarimi-3.jpg\"\r\n                            alt=\"\">\r\n                    <\/div>\r\n                                        <div class=\"latest-service__content\">\r\n                        <div class=\"latest-service__icon mb-25\">\r\n                                                                                    <span>\r\n                                <img decoding=\"async\" src=\"https:\/\/7temimarlik.com\/wp-content\/uploads\/2024\/10\/ofis-tasarimi-3.jpg\"\r\n                                    alt=\"\">\r\n                            <\/span>\r\n                                                                                <\/div>\r\n                        <h6 class=\"title-animation mb-10 rr-el-re-Title\">\r\n                             <a\r\n                                href=\"https:\/\/7temimarlik.com\/service\/ofis-tasarimi\/\">\r\n                                Proje Ruhsatland\u0131r\u0131lma<\/a>\r\n                                                    <\/h6>\r\n                                                <p class=\"mb-15 rr-el-re-dec\">G\u00fcn\u00fcm\u00fcz i\u015f d\u00fcnyas\u0131nda ofisler, sadece \u00e7al\u0131\u015fma alan\u0131 de\u011fil, kurumsal k\u00fclt\u00fcr\u00fcn ve verimlili\u011fin aynas\u0131d\u0131r.<\/p>\r\n                                                <a class=\"read-more rr-el-btn\"\r\n                            href=\"https:\/\/7temimarlik.com\/service\/ofis-tasarimi\/\">Ofis Tasar\u0131m\u0131 <i\r\n                                class=\"fa-solid fa-arrow-right\"><\/i><\/a>\r\n                    <\/div>\r\n                <\/div>\r\n            <\/div>\r\n                        <div class=\"col-lg-4 col-md-6\">\r\n                <div class=\"latest-service__item\">\r\n                                        <div class=\"latest-service__media\">\r\n                        <img decoding=\"async\" src=\"https:\/\/7temimarlik.com\/wp-content\/uploads\/2025\/10\/restoran-ic-tasarimi-onerileri-3.jpg\"\r\n                            alt=\"\">\r\n                    <\/div>\r\n                                        <div class=\"latest-service__content\">\r\n                        <div class=\"latest-service__icon mb-25\">\r\n                                                                                    <span>\r\n                                <img decoding=\"async\" src=\"https:\/\/7temimarlik.com\/wp-content\/uploads\/2025\/10\/restoran-ic-tasarimi-onerileri-3.jpg\"\r\n                                    alt=\"\">\r\n                            <\/span>\r\n                                                                                <\/div>\r\n                        <h6 class=\"title-animation mb-10 rr-el-re-Title\">\r\n                             <a\r\n                                href=\"https:\/\/7temimarlik.com\/service\/restoran-ic-tasarim\/\">\r\n                                Restoran \u0130\u00e7 Tasar\u0131m<\/a>\r\n                                                    <\/h6>\r\n                                                <p class=\"mb-15 rr-el-re-dec\">Bir restoran\u0131n ba\u015far\u0131s\u0131nda, sundu\u011fu lezzet kadar yaratt\u0131\u011f\u0131 atmosfer de kritik \u00f6neme sahiptir. <\/p>\r\n                                                <a class=\"read-more rr-el-btn\"\r\n                            href=\"https:\/\/7temimarlik.com\/service\/restoran-ic-tasarim\/\">Restoran \u0130\u00e7 Tasar\u0131m <i\r\n                                class=\"fa-solid fa-arrow-right\"><\/i><\/a>\r\n                    <\/div>\r\n                <\/div>\r\n            <\/div>\r\n                        <div class=\"col-lg-4 col-md-6\">\r\n                <div class=\"latest-service__item\">\r\n                                        <div class=\"latest-service__media\">\r\n                        <img decoding=\"async\" src=\"https:\/\/7temimarlik.com\/wp-content\/uploads\/2024\/10\/villa-tasarimi-4.jpg\"\r\n                            alt=\"\">\r\n                    <\/div>\r\n                                        <div class=\"latest-service__content\">\r\n                        <div class=\"latest-service__icon mb-25\">\r\n                                                                                    <span>\r\n                                <img decoding=\"async\" src=\"https:\/\/7temimarlik.com\/wp-content\/uploads\/2024\/10\/villa-tasarimi-4.jpg\"\r\n                                    alt=\"\">\r\n                            <\/span>\r\n                                                                                <\/div>\r\n                        <h6 class=\"title-animation mb-10 rr-el-re-Title\">\r\n                             <a\r\n                                href=\"https:\/\/7temimarlik.com\/service\/villa-tasarimi\/\">\r\n                                Villa Tasar\u0131m\u0131<\/a>\r\n                                                    <\/h6>\r\n                                                <p class=\"mb-15 rr-el-re-dec\">There are many variations of passages of Lorem Ipsum available, but the majority have suffered.<\/p>\r\n                                                <a class=\"read-more rr-el-btn\"\r\n                            href=\"https:\/\/7temimarlik.com\/service\/villa-tasarimi\/\">Villa Tasar\u0131m\u0131 <i\r\n                                class=\"fa-solid fa-arrow-right\"><\/i><\/a>\r\n                    <\/div>\r\n                <\/div>\r\n            <\/div>\r\n                    <\/div>\r\n    <\/div>\r\n<\/section>\r\n<!--latest-service area end -->\r\n\t\t\t\t<\/div>\n\t\t\t\t<\/div>\n\t\t\t\t\t<\/div>\n\t\t\t\t<\/div>\n\t\t<div class=\"elementor-element elementor-element-d79a8e1 e-con-full e-flex e-con e-parent\" data-id=\"d79a8e1\" data-element_type=\"container\" data-e-type=\"container\">\n\t\t\t\t<\/div>\n\t\t\t\t<\/div>\n\t\t","protected":false},"excerpt":{"rendered":"<p>7TE Mimarl\u0131k \u0130n\u015faat Tahh\u00fct Hizmetlerimiz Cephe Tasar\u0131m\u0131 Cephe, bir yap\u0131n\u0131n kimli\u011fini ve ilk izlenimini olu\u015fturan en kritik unsurdur. Cephe Tasar\u0131m\u0131 Dan\u0131\u015fmanl\u0131k Hizmetleri Mimari ve in\u015faat s\u00fcre\u00e7leri, teknik, yasal ve finansal kararlar\u0131n karma\u015f\u0131k bir birle\u015fimidir. Dan\u0131\u015fmanl\u0131k Hizmeti \u0130\u00e7 Tasar\u0131m Ya\u015fam ve \u00e7al\u0131\u015fma alanlar\u0131n\u0131z\u0131n kalitesi, verimlili\u011finiz ve konforunuz \u00fczerinde do\u011frudan etkilidir. \u0130\u00e7 Tasar\u0131m \u0130mar Aff\u0131 Tapu Al\u0131m\u0131 [&hellip;]<\/p>\n","protected":false},"author":1,"featured_media":0,"parent":0,"menu_order":0,"comment_status":"closed","ping_status":"closed","template":"elementor_header_footer","meta":{"footnotes":""},"class_list":["post-981","page","type-page","status-publish","hentry"],"_links":{"self":[{"href":"https:\/\/7temimarlik.com\/index.php?rest_route=\/wp\/v2\/pages\/981","targetHints":{"allow":["GET"]}}],"collection":[{"href":"https:\/\/7temimarlik.com\/index.php?rest_route=\/wp\/v2\/pages"}],"about":[{"href":"https:\/\/7temimarlik.com\/index.php?rest_route=\/wp\/v2\/types\/page"}],"author":[{"embeddable":true,"href":"https:\/\/7temimarlik.com\/index.php?rest_route=\/wp\/v2\/users\/1"}],"replies":[{"embeddable":true,"href":"https:\/\/7temimarlik.com\/index.php?rest_route=%2Fwp%2Fv2%2Fcomments&post=981"}],"version-history":[{"count":6,"href":"https:\/\/7temimarlik.com\/index.php?rest_route=\/wp\/v2\/pages\/981\/revisions"}],"predecessor-version":[{"id":4171,"href":"https:\/\/7temimarlik.com\/index.php?rest_route=\/wp\/v2\/pages\/981\/revisions\/4171"}],"wp:attachment":[{"href":"https:\/\/7temimarlik.com\/index.php?rest_route=%2Fwp%2Fv2%2Fmedia&parent=981"}],"curies":[{"name":"wp","href":"https:\/\/api.w.org\/{rel}","templated":true}]}}